{"id":1477,"date":"2021-02-03T20:28:58","date_gmt":"2021-02-03T20:28:58","guid":{"rendered":"https:\/\/lattice.com.mx\/?page_id=3"},"modified":"2026-02-04T14:46:52","modified_gmt":"2026-02-04T20:46:52","slug":"aviso-privacidad","status":"publish","type":"page","link":"https:\/\/lattice.com.mx\/gl\/?page_id=1477","title":{"rendered":"Aviso de privacidad"},"content":{"rendered":"\t\t<div data-elementor-type=\"wp-page\" data-elementor-id=\"1477\" class=\"elementor elementor-1477\" data-elementor-post-type=\"page\">\n\t\t\t\t\t\t<section class=\"elementor-section elementor-top-section elementor-element elementor-element-694c0fe5 elementor-section-boxed elementor-section-height-default elementor-section-height-default\" data-id=\"694c0fe5\" data-element_type=\"section\" data-e-type=\"section\">\n\t\t\t\t\t\t<div class=\"elementor-container elementor-column-gap-default\">\n\t\t\t\t\t<div class=\"elementor-column elementor-col-100 elementor-top-column elementor-element elementor-element-5bae82e6\" data-id=\"5bae82e6\" data-element_type=\"column\" data-e-type=\"column\">\n\t\t\t<div class=\"elementor-widget-wrap elementor-element-populated\">\n\t\t\t\t\t\t<div class=\"elementor-element elementor-element-2025916d elementor-widget elementor-widget-text-editor\" data-id=\"2025916d\" data-element_type=\"widget\" data-e-type=\"widget\" data-widget_type=\"text-editor.default\">\n\t\t\t\t\t\t\t\t\t<p>En cumplimiento a lo dispuesto en la Ley Federal de Protecci\u00f3n de Datos Personales en Posesi\u00f3n&nbsp; de los Particulares (LFPDPPP) en t\u00e9rminos del art\u00edculo 15, Grupo Lattice<strong>&nbsp;<\/strong>con domicilio en: <strong>&nbsp;Miguel Lerdo de Tejada 175, col. Guadalupe Inn,<\/strong><strong>&nbsp;\u00c1lvaro Obreg\u00f3n<\/strong><strong>&nbsp;CP 01020, Ciudad de M\u00e9xico<\/strong>,<strong>&nbsp;<\/strong>es responsable de recabar su informaci\u00f3n o datos&nbsp; personales que nos proporcione con motivo de la relaci\u00f3n que Usted tenga con cualquiera de los&nbsp; encargados, ser\u00e1n protegidos y tratados de conformidad con los principios de privacidad previstos&nbsp; por la propia LFPDPPP y en atenci\u00f3n a los t\u00e9rminos establecidos en el presente Aviso de&nbsp; Privacidad, hacemos de su conocimiento el principio de informaci\u00f3n consiste en la obligaci\u00f3n del&nbsp; responsable de informar a los titulares sobre la existencia y caracter\u00edsticas principales del&nbsp; tratamiento al que ser\u00e1n sometidos sus datos personales, con objeto de que pueda ejercer sus&nbsp; derechos a la autodeterminaci\u00f3n informativa, privacidad y protecci\u00f3n de datos personales.&nbsp;<\/p>\n<p><!-- \/wp:paragraph --><\/p>\n<p><!-- wp:heading {\"level\":4} --><\/p>\n<h4><strong>Finalidades.&nbsp;<\/strong><\/h4>\n<p><!-- \/wp:heading --><\/p>\n<p><!-- wp:paragraph --><\/p>\n<p>Atendiendo a su naturaleza de Cliente, proveedor, visitante, el tratamiento de sus datos personales&nbsp; se har\u00e1 bajo las siguientes finalidades:&nbsp;<\/p>\n<p><!-- \/wp:paragraph --><\/p>\n<p><!-- wp:heading {\"level\":4} --><\/p>\n<h4>Clientes:&nbsp;<\/h4>\n<p><!-- \/wp:heading --><\/p>\n<p><!-- wp:paragraph --><\/p>\n<p>1. Necesarias para la relaci\u00f3n jur\u00eddica con los Responsables:&nbsp;&nbsp;<\/p>\n<p><!-- \/wp:paragraph --><\/p>\n<p><!-- wp:list --><\/p>\n<ul>\n<li>Dar cumplimiento a obligaciones contra\u00eddas;&nbsp;&nbsp;<\/li>\n<li>Darlo de alta en los sistemas internos que permitan la organizaci\u00f3n y seguimiento de las&nbsp; obligaciones contra\u00eddas con nuestros clientes;&nbsp;<\/li>\n<li>Realizar la facturaci\u00f3n y cobranza;&nbsp;&nbsp;<\/li>\n<li>Dar seguimiento a pedidos y entregas;&nbsp;&nbsp;<\/li>\n<li>Atender quejas y reclamaciones;&nbsp;&nbsp;<\/li>\n<li>Actualizar datos;&nbsp;&nbsp;<\/li>\n<li>Proporcionar informaci\u00f3n sobre capacitaciones relacionadas con los bienes adquiridos y&nbsp; vinculadas con la relaci\u00f3n jur\u00eddica;&nbsp;<\/li>\n<li>Para la defensa de los derechos de los Responsables, incluyendo procedimientos judiciales, penales o administrativos.&nbsp;<\/li>\n<\/ul>\n<p><!-- \/wp:list --><\/p>\n<p><!-- wp:paragraph --><\/p>\n<p>Por lo tanto y para alcanzar las finalidades antes expuestas, se tratar\u00e1n datos personales de&nbsp; identificaci\u00f3n, de contacto tales como: fecha de nacimiento; nombre; tel\u00e9fono personal, de oficina y&nbsp; fax; pa\u00eds; direcci\u00f3n; compa\u00f1\u00eda que representa; datos de identificaci\u00f3n oficial; firma; R.F.C.<\/p>\n<p><!-- \/wp:paragraph --><\/p>\n<p><!-- wp:paragraph --><\/p>\n<p><span style=\"font-weight: bolder;\">&nbsp;<\/span><b>Miguel Lerdo de Tejada 175, col. Guadalupe Inn, \u00c1lvaro Obreg\u00f3n CP 01020, Ciudad de M\u00e9xico.<\/b><\/p>\n<p><!-- \/wp:paragraph --><\/p>\n<p><!-- wp:separator --><\/p>\n<hr>\n<p><!-- \/wp:separator --><\/p>\n<p><!-- wp:heading {\"level\":4} --><\/p>\n<h4>Proveedores:&nbsp;<\/h4>\n<p><!-- \/wp:heading --><\/p>\n<p><!-- wp:paragraph --><\/p>\n<p>1. Finalidades necesarias para la relaci\u00f3n jur\u00eddica con los Responsables:&nbsp;&nbsp;<\/p>\n<p><!-- \/wp:paragraph --><\/p>\n<p><!-- wp:list --><\/p>\n<ul>\n<li>Dar cumplimiento a obligaciones contra\u00eddas;&nbsp;&nbsp;<\/li>\n<li>Dar de alta en el archivo maestro de proveedores;&nbsp;<\/li>\n<li>Realizarle investigaciones socioecon\u00f3micas para otorgarle alg\u00fan cr\u00e9dito;<\/li>\n<li>Dar seguimiento a los servicios o productos adquiridos, y&nbsp;<\/li>\n<li>Para la defensa de los derechos del Responsable, incluyendo procedimientos judiciales,&nbsp; penales o administrativos.&nbsp;<\/li>\n<\/ul>\n<p><!-- \/wp:list --><\/p>\n<p><!-- wp:paragraph --><\/p>\n<p>Por lo tanto y para alcanzar las finalidades antes expuestas, se tratar\u00e1n datos de identificaci\u00f3n, de&nbsp; contacto, financieros y patrimoniales relacionado con la prestaci\u00f3n de los bienes y servicio&nbsp; contratados, tales como, nombre completo, direcci\u00f3n, tel\u00e9fono, CURP, RFC, plazos de cr\u00e9dito&nbsp; solicitados; montos solicitados; cr\u00e9dito otorgado; deudas; ingresos, n\u00famero de cuenta bancaria,&nbsp;<\/p>\n<p><!-- \/wp:paragraph --><\/p>\n<p><!-- wp:paragraph --><\/p>\n<p>forma o medio de pago y tipo de servicio o producto a proveer.&nbsp;<\/p>\n<p><!-- \/wp:paragraph --><\/p>\n<p><!-- wp:separator --><\/p>\n<hr>\n<p><!-- \/wp:separator --><\/p>\n<p><!-- wp:heading {\"level\":4} --><\/p>\n<h4>Visitantes:&nbsp;<\/h4>\n<p><!-- \/wp:heading --><\/p>\n<p><!-- wp:paragraph --><\/p>\n<p>Se tratar\u00e1 sus datos personales con la finalidad de llevar el registro y control de entradas y salidas&nbsp; de las instalaciones de los Responsables, con el objeto de preservar la seguridad de su personal,&nbsp; de las personas que nos visitan, as\u00ed como del propio inmueble. Por lo tanto y para alcanzar las&nbsp; finalidades antes expuestas, se le recabar\u00e1n datos personales de identificaci\u00f3n, tales como:&nbsp; nombre completo; hora de entrada y salida; asunto y persona a la que vista.&nbsp;<\/p>\n<p><!-- \/wp:paragraph --><\/p>\n<p><!-- wp:paragraph --><\/p>\n<p>Los datos personales ser\u00e1n guardados bajo la m\u00e1s estricta confidencialidad y no se les podr\u00e1 dar&nbsp; uso distinto a los antes mencionados, si fuera necesaria la transferencia para una situaci\u00f3n no&nbsp; especificada, en cuyo caso se tendr\u00e1 que efectuar la actualizaci\u00f3n del presente Aviso de&nbsp; Privacidad.&nbsp;<\/p>\n<p><!-- \/wp:paragraph --><\/p>\n<p><!-- wp:heading {\"level\":4} --><\/p>\n<h4><strong>Recolecci\u00f3n de Datos.&nbsp;<\/strong><\/h4>\n<p><!-- \/wp:heading --><\/p>\n<p><!-- wp:paragraph --><\/p>\n<p>Los datos personales ser\u00e1n recabados directamente del titular de forma personal o por medio de&nbsp; correo electr\u00f3nico, en ning\u00fan caso mediante terceros.&nbsp;<\/p>\n<p><!-- \/wp:paragraph --><\/p>\n<p><!-- wp:heading {\"level\":4} --><\/p>\n<h4><strong>Opciones y medios para limitar el uso o divulgaci\u00f3n de los datos.&nbsp;<\/strong><\/h4>\n<p><!-- \/wp:heading --><\/p>\n<p><!-- wp:paragraph --><\/p>\n<p>Se han implementado medidas de seguridad, administrativas y f\u00edsicas necesarias suficientes para&nbsp; proteger sus datos personales contra da\u00f1o, p\u00e9rdida, destrucci\u00f3n, uso acceso o tratamiento no&nbsp; autorizado.&nbsp;<\/p>\n<p><!-- \/wp:paragraph --><\/p>\n<p><!-- wp:paragraph --><\/p>\n<p>Los datos personales son salvaguardados en base de datos y equipo de c\u00f3mputo que cuentan con&nbsp; la seguridad necesaria para prevenir fugas de informaci\u00f3n, ya que su uso est\u00e1 estrictamente&nbsp; limitado a la encargada de ellos.&nbsp;<\/p>\n<p><!-- \/wp:paragraph --><\/p>\n<p><!-- wp:heading {\"level\":4} --><\/p>\n<h4><strong>Encargado del tratamiento.&nbsp;<\/strong><\/h4>\n<p><!-- \/wp:heading --><\/p>\n<p><!-- wp:paragraph --><\/p>\n<p>Es importante informarle que usted tiene derecho al acceso, rectificaci\u00f3n y cancelaci\u00f3n de sus&nbsp; datos personales, a oponerse al tratamiento de los mismos o a revocar el consentimiento que para&nbsp; dicho fin nos haya otorgado. Para ello es necesario dirigir la solicitud en los t\u00e9rminos que marca la&nbsp; ley en su Art\u00edculo 29 al \u00e1rea de administraci\u00f3n y\/o Ventas en&nbsp;<span style=\"font-size: 1rem; font-weight: bolder;\">&nbsp;<\/span><b>Miguel Lerdo de Tejada 175, col. Guadalupe Inn, \u00c1lvaro Obreg\u00f3n CP 01020, Ciudad de M\u00e9xico<\/b><span style=\"font-size: 1rem; font-weight: bolder;\">&nbsp;<\/span><span style=\"font-size: 1rem;\">Tel\u00e9fono: +52 55 55434131.<\/span><\/p>\n<p><!-- \/wp:paragraph --><\/p>\t\t\t\t\t\t\t\t<\/div>\n\t\t\t\t\t<\/div>\n\t\t<\/div>\n\t\t\t\t\t<\/div>\n\t\t<\/section>\n\t\t\t\t<\/div>\n\t\t","protected":false},"excerpt":{"rendered":"<p>En cumplimiento a lo dispuesto en la Ley Federal de Protecci\u00f3n de Datos Personales en Posesi\u00f3n&nbsp; de los Particulares (LFPDPPP) en t\u00e9rminos del art\u00edculo 15, Grupo Lattice&nbsp;con domicilio en: &nbsp;Miguel Lerdo de Tejada 175, col. Guadalupe Inn,&nbsp;\u00c1lvaro Obreg\u00f3n&nbsp;CP 01020, Ciudad de M\u00e9xico,&nbsp;es responsable de recabar su informaci\u00f3n o datos&nbsp; personales que nos proporcione con motivo [&hellip;]<\/p>\n","protected":false},"author":1,"featured_media":0,"parent":0,"menu_order":0,"comment_status":"closed","ping_status":"closed","template":"","meta":{"footnotes":""},"class_list":["post-1477","page","type-page","status-publish","hentry"],"_links":{"self":[{"href":"https:\/\/lattice.com.mx\/gl\/index.php?rest_route=\/wp\/v2\/pages\/1477","targetHints":{"allow":["GET"]}}],"collection":[{"href":"https:\/\/lattice.com.mx\/gl\/index.php?rest_route=\/wp\/v2\/pages"}],"about":[{"href":"https:\/\/lattice.com.mx\/gl\/index.php?rest_route=\/wp\/v2\/types\/page"}],"author":[{"embeddable":true,"href":"https:\/\/lattice.com.mx\/gl\/index.php?rest_route=\/wp\/v2\/users\/1"}],"replies":[{"embeddable":true,"href":"https:\/\/lattice.com.mx\/gl\/index.php?rest_route=%2Fwp%2Fv2%2Fcomments&post=1477"}],"version-history":[{"count":3,"href":"https:\/\/lattice.com.mx\/gl\/index.php?rest_route=\/wp\/v2\/pages\/1477\/revisions"}],"predecessor-version":[{"id":10306,"href":"https:\/\/lattice.com.mx\/gl\/index.php?rest_route=\/wp\/v2\/pages\/1477\/revisions\/10306"}],"wp:attachment":[{"href":"https:\/\/lattice.com.mx\/gl\/index.php?rest_route=%2Fwp%2Fv2%2Fmedia&parent=1477"}],"curies":[{"name":"wp","href":"https:\/\/api.w.org\/{rel}","templated":true}]}}