{"id":2267,"date":"2021-03-16T22:01:28","date_gmt":"2021-03-16T22:01:28","guid":{"rendered":"https:\/\/lattice.com.mx\/?page_id=2267"},"modified":"2025-10-18T20:54:22","modified_gmt":"2025-10-19T02:54:22","slug":"terminos-y-condiciones","status":"publish","type":"page","link":"https:\/\/lattice.com.mx\/gl\/?page_id=2267","title":{"rendered":"T\u00e9rminos y condiciones"},"content":{"rendered":"\t\t<div data-elementor-type=\"wp-page\" data-elementor-id=\"2267\" class=\"elementor elementor-2267\" data-elementor-post-type=\"page\">\n\t\t\t\t<div class=\"elementor-element elementor-element-35987ce7 e-flex e-con-boxed e-con e-parent\" data-id=\"35987ce7\" data-element_type=\"container\" data-e-type=\"container\">\n\t\t\t\t\t<div class=\"e-con-inner\">\n\t\t\t\t<div class=\"elementor-element elementor-element-8fa20a0 elementor-widget elementor-widget-text-editor\" data-id=\"8fa20a0\" data-element_type=\"widget\" data-e-type=\"widget\" data-widget_type=\"text-editor.default\">\n\t\t\t\t\t\t\t\t\t\n<h4 class=\"wp-block-heading\">Pol\u00edtica de T\u00e9rminos y Condiciones<\/h4>\n\n<p>Estos t\u00e9rminos y condiciones describen las reglas y regulaciones para el uso del sitio web www.lattice.com.mx propiedad de Grupo Lattice.<br \/><br \/>Al acceder a este sitio web, asumimos que aceptas estos t\u00e9rminos y condiciones en su totalidad. No contin\u00faes usando el sitio web de Grupo Lattice si no aceptas todos los t\u00e9rminos y condiciones establecidos en esta p\u00e1gina.<\/p>\n\n<h4 class=\"wp-block-heading\">La siguiente terminolog\u00eda se aplica a estos T\u00e9rminos y Condiciones, Declaraci\u00f3n de Privacidad y Aviso legal y cualquiera o todos los Acuerdos:<\/h4>\n\n<p>El\u00a0Cliente,\u00a0Usted\u00a0y\u00a0Su\u00a0se refieren a usted, la persona que accede a este sitio web y acepta los t\u00e9rminos y condiciones de la Compa\u00f1\u00eda. La\u00a0Compa\u00f1\u00eda, Nosotros mismos, Nosotros y Nuestro, se refiere a nuestra Compa\u00f1\u00eda.\u00a0Parte, Partes o Nosotros, se refiere en conjunto al Cliente y a nosotros mismos, o al Cliente o a nosotros mismos. Todos los t\u00e9rminos se refieren a la oferta, aceptaci\u00f3n y consideraci\u00f3n del pago necesario para efectuar el proceso de nuestra asistencia al Cliente de la manera m\u00e1s adecuada, ya sea mediante reuniones formales de una duraci\u00f3n fija, o por cualquier otro medio, con el prop\u00f3sito expreso de conocer las necesidades del Cliente con respecto a la provisi\u00f3n de los servicios\/productos declarados de la Compa\u00f1\u00eda, de acuerdo con y sujeto a la ley vigente de Ciudad de M\u00e9xico. Cualquier uso de la terminolog\u00eda anterior u otras palabras en singular, plural, may\u00fasculas y\/o, \u00e9l\/ella o ellos, se consideran intercambiables y, por lo tanto, se refieren a lo mismo.<\/p>\n\n<h4 class=\"wp-block-heading\">Cookies<\/h4>\n\n<p>Empleamos el uso de cookies. Al utilizar el sitio web de www.lattice.com.mx usted acepta el uso de cookies de acuerdo con la pol\u00edtica de privacidad de Grupo Lattice La mayor\u00eda de los modernos sitios web interactivos de hoy en d\u00eda usan cookies para permitirnos recuperar los detalles del usuario para cada visita. Las cookies se utilizan en algunas \u00e1reas de nuestro sitio para habilitar la funcionalidad de esta \u00e1rea y la facilidad de uso para las personas que lo visitan. Algunos de nuestros socios afiliados\/publicitarios tambi\u00e9n pueden usar cookies.<\/p>\n\n<h4 class=\"wp-block-heading\">Licencia<\/h4>\n\n<p>A menos que se indique lo contrario, Grupo Lattice y\/o sus licenciatarios les pertenecen los derechos de propiedad intelectual de todo el material utilizado en www.lattice.com.mx <br \/><br \/>Todos los derechos de propiedad intelectual est\u00e1n reservados. Puedes ver y\/o imprimir p\u00e1ginas desde (www.lattice.com.mx) para tu uso personal sujeto a las restricciones establecidas en estos t\u00e9rminos y condiciones.<br \/>No debes:<\/p>\n\n<ul class=\"wp-block-list\">\n<li>Volver a publicar material desde (www.lattice.com.mx).<\/li>\n<li>Vender, alquilar u otorgar una sub-licencia de material desde (www.lattice.com.mx).<\/li>\n<li>Reproducir, duplicar o copiar material desde (www.lattice.com.mx).<\/li>\n<li>Redistribuir contenido de Grupo Lattice, a menos de que el contenido se haga espec\u00edficamente para la redistribuci\u00f3n.<\/li>\n<\/ul>\n\n<h4 class=\"wp-block-heading\">Aviso legal<\/h4>\n\n<p>En la medida m\u00e1xima permitida por la ley aplicable, excluimos todas las representaciones, garant\u00edas y condiciones relacionadas con nuestro sitio web y el uso de este sitio web (incluyendo, sin limitaci\u00f3n, cualquier garant\u00eda impl\u00edcita por la ley con respecto a la calidad satisfactoria, idoneidad para el prop\u00f3sito y\/o el uso de cuidado y habilidad razonables).<\/p>\n\n<p>Nada en este aviso legal:<\/p>\n\n<ul class=\"wp-block-list\">\n<li>Limita o excluye nuestra o su responsabilidad por muerte o lesiones personales resultantes de negligencia.<\/li>\n<li>Limita o excluye nuestra o su responsabilidad por fraude o tergiversaci\u00f3n fraudulenta.<\/li>\n<li>Limita cualquiera de nuestras o sus responsabilidades de cualquier manera que no est\u00e9 permitida por la ley aplicable.<\/li>\n<li>Excluye cualquiera de nuestras o sus responsabilidades que no pueden ser excluidas bajo la ley aplicable.<\/li>\n<\/ul>\n\n<h4 class=\"wp-block-heading\">Las limitaciones y exclusiones de responsabilidad establecidas en esta Secci\u00f3n y en otras partes de este aviso legal:<\/h4>\n\n<p>Est\u00e1n sujetas al p\u00e1rrafo anterior; y rigen todas las responsabilidades que surjan bajo la exenci\u00f3n de responsabilidad o en relaci\u00f3n con el objeto de esta exenci\u00f3n de responsabilidad, incluidas las responsabilidades que surjan en contrato, agravio (incluyendo negligencia) y por incumplimiento del deber legal. En la medida en que el sitio web y la informaci\u00f3n y los servicios en el sitio web se proporcionen de forma gratuita, no seremos responsables de ninguna p\u00e9rdida o da\u00f1o de ning\u00fan tipo.<\/p>\n\t\t\t\t\t\t\t\t<\/div>\n\t\t\t\t\t<\/div>\n\t\t\t\t<\/div>\n\t\t\t\t<\/div>\n\t\t","protected":false},"excerpt":{"rendered":"<p>Pol\u00edtica de T\u00e9rminos y Condiciones Estos t\u00e9rminos y condiciones describen las reglas y regulaciones para el uso del sitio web www.lattice.com.mx propiedad de Grupo Lattice. Al acceder a este sitio web, asumimos que aceptas estos t\u00e9rminos y condiciones en su totalidad. No contin\u00faes usando el sitio web de Grupo Lattice si no aceptas todos los [&hellip;]<\/p>\n","protected":false},"author":1,"featured_media":0,"parent":0,"menu_order":0,"comment_status":"closed","ping_status":"closed","template":"","meta":{"footnotes":""},"class_list":["post-2267","page","type-page","status-publish","hentry"],"_links":{"self":[{"href":"https:\/\/lattice.com.mx\/gl\/index.php?rest_route=\/wp\/v2\/pages\/2267","targetHints":{"allow":["GET"]}}],"collection":[{"href":"https:\/\/lattice.com.mx\/gl\/index.php?rest_route=\/wp\/v2\/pages"}],"about":[{"href":"https:\/\/lattice.com.mx\/gl\/index.php?rest_route=\/wp\/v2\/types\/page"}],"author":[{"embeddable":true,"href":"https:\/\/lattice.com.mx\/gl\/index.php?rest_route=\/wp\/v2\/users\/1"}],"replies":[{"embeddable":true,"href":"https:\/\/lattice.com.mx\/gl\/index.php?rest_route=%2Fwp%2Fv2%2Fcomments&post=2267"}],"version-history":[{"count":0,"href":"https:\/\/lattice.com.mx\/gl\/index.php?rest_route=\/wp\/v2\/pages\/2267\/revisions"}],"wp:attachment":[{"href":"https:\/\/lattice.com.mx\/gl\/index.php?rest_route=%2Fwp%2Fv2%2Fmedia&parent=2267"}],"curies":[{"name":"wp","href":"https:\/\/api.w.org\/{rel}","templated":true}]}}