{"id":6002,"date":"2025-10-03T15:42:07","date_gmt":"2025-10-03T13:42:07","guid":{"rendered":"https:\/\/lattice.com.mx\/gl\/?page_id=6002"},"modified":"2025-12-29T15:42:09","modified_gmt":"2025-12-29T21:42:09","slug":"contacto-financiero","status":"publish","type":"page","link":"https:\/\/lattice.com.mx\/gl\/?page_id=6002","title":{"rendered":"Contacto Financiero"},"content":{"rendered":"\t\t<div data-elementor-type=\"wp-page\" data-elementor-id=\"6002\" class=\"elementor elementor-6002\" data-elementor-post-type=\"page\">\n\t\t\t\t\t\t<section class=\"elementor-section elementor-top-section elementor-element elementor-element-f5cfdf0 elementor-section-boxed elementor-section-height-default elementor-section-height-default\" data-id=\"f5cfdf0\" data-element_type=\"section\" data-e-type=\"section\" data-settings=\"{&quot;background_background&quot;:&quot;video&quot;,&quot;background_video_link&quot;:&quot;https:\\\/\\\/lattice.com.mx\\\/gl\\\/wp-content\\\/uploads\\\/2025\\\/09\\\/Servicios-Financieros.mp4&quot;,&quot;background_play_on_mobile&quot;:&quot;yes&quot;}\">\n\t\t\t\t\t\t\t\t<div class=\"elementor-background-video-container\">\n\t\t\t\t\t\t\t\t\t\t\t\t\t<video class=\"elementor-background-video-hosted\" role=\"presentation\" autoplay muted playsinline loop><\/video>\n\t\t\t\t\t\t\t\t\t\t\t<\/div>\n\t\t\t\t\t\t\t\t\t<div class=\"elementor-background-overlay\"><\/div>\n\t\t\t\t\t\t\t<div class=\"elementor-container elementor-column-gap-default\">\n\t\t\t\t\t<div class=\"elementor-column elementor-col-50 elementor-top-column elementor-element elementor-element-f8cb424 elementor-invisible\" data-id=\"f8cb424\" data-element_type=\"column\" data-e-type=\"column\" data-settings=\"{&quot;animation&quot;:&quot;fadeInLeft&quot;,&quot;motion_fx_motion_fx_scrolling&quot;:&quot;yes&quot;,&quot;motion_fx_translateY_effect&quot;:&quot;yes&quot;,&quot;motion_fx_translateY_direction&quot;:&quot;negative&quot;,&quot;motion_fx_translateY_speed&quot;:{&quot;unit&quot;:&quot;px&quot;,&quot;size&quot;:10,&quot;sizes&quot;:[]},&quot;motion_fx_translateY_affectedRange&quot;:{&quot;unit&quot;:&quot;%&quot;,&quot;size&quot;:&quot;&quot;,&quot;sizes&quot;:{&quot;start&quot;:0,&quot;end&quot;:100}},&quot;motion_fx_devices&quot;:[&quot;desktop&quot;,&quot;tablet&quot;,&quot;mobile&quot;]}\">\n\t\t\t<div class=\"elementor-widget-wrap elementor-element-populated\">\n\t\t\t\t\t\t<div class=\"elementor-element elementor-element-c150b55 elementor-widget elementor-widget-heading\" data-id=\"c150b55\" data-element_type=\"widget\" data-e-type=\"widget\" data-widget_type=\"heading.default\">\n\t\t\t\t\t<h2 class=\"elementor-heading-title elementor-size-default\">Cu\u00e9ntanos que Servicio Financiero te interesa para ofrecerte una soluci\u00f3n<\/h2>\t\t\t\t<\/div>\n\t\t\t\t<div class=\"elementor-element elementor-element-be19170 elementor-widget elementor-widget-heading\" data-id=\"be19170\" data-element_type=\"widget\" data-e-type=\"widget\" data-widget_type=\"heading.default\">\n\t\t\t\t\t<h6 class=\"elementor-heading-title elementor-size-default\">Llenando el formulario nuestros expertos se pondr\u00e1n en contacto contigo<\/h6>\t\t\t\t<\/div>\n\t\t\t\t\t<\/div>\n\t\t<\/div>\n\t\t\t\t<div class=\"elementor-column elementor-col-50 elementor-top-column elementor-element elementor-element-2742385\" data-id=\"2742385\" data-element_type=\"column\" data-e-type=\"column\" data-settings=\"{&quot;background_background&quot;:&quot;classic&quot;}\">\n\t\t\t<div class=\"elementor-widget-wrap elementor-element-populated\">\n\t\t\t\t\t\t<div class=\"elementor-element elementor-element-100ca59 elementor-widget elementor-widget-shortcode\" data-id=\"100ca59\" data-element_type=\"widget\" data-e-type=\"widget\" data-widget_type=\"shortcode.default\">\n\t\t\t\t\t\t\t<div class=\"elementor-shortcode\"><div class=\"wpforms-container wpforms-render-modern\" id=\"wpforms-6914\"><form id=\"wpforms-form-6914\" class=\"wpforms-validate wpforms-form wpforms-ajax-form\" data-formid=\"6914\" method=\"post\" enctype=\"multipart\/form-data\" action=\"\/gl\/index.php?rest_route=%2Fwp%2Fv2%2Fpages%2F6002\" data-token=\"e71af2839a90a4c7b2f0964c916d8daa\" data-token-time=\"1777489994\"><noscript class=\"wpforms-error-noscript\">Por favor, activa JavaScript en tu navegador para completar este formulario.<\/noscript><div id=\"wpforms-error-noscript\" style=\"display: none;\">Por favor, activa JavaScript en tu navegador para completar este formulario.<\/div><div class=\"wpforms-field-container\"><div id=\"wpforms-6914-field_6-container\" class=\"wpforms-field wpforms-field-select wpforms-field-select-style-classic\" data-field-id=\"6\"><label class=\"wpforms-field-label wpforms-label-hide\" for=\"wpforms-6914-field_6\" aria-hidden=\"false\">Servicio financiero de Inter\u00e9s<\/label><select id=\"wpforms-6914-field_6\" class=\"wpforms-field-large\" name=\"wpforms[fields][6]\"><option value=\"\" class=\"placeholder\" disabled  selected='selected'>Servicio financiero de Inter\u00e9s<\/option><option value=\"No Aplica\"  class=\"choice-11 depth-1\"  >No Aplica<\/option><option value=\"Arrendamiento\"  class=\"choice-1 depth-1\"  >Arrendamiento<\/option><option value=\"Fianzas\"  class=\"choice-2 depth-1\"  >Fianzas<\/option><option value=\"Seguros de Autom\u00f3vil\"  class=\"choice-3 depth-1\"  >Seguros de Autom\u00f3vil<\/option><option value=\"Seguros de Da\u00f1os\"  class=\"choice-4 depth-1\"  >Seguros de Da\u00f1os<\/option><option value=\"Seguros de GMM\"  class=\"choice-5 depth-1\"  >Seguros de GMM<\/option><option value=\"Seguros de Vida\"  class=\"choice-6 depth-1\"  >Seguros de Vida<\/option><option value=\"Otros\"  class=\"choice-12 depth-1\"  >Otros<\/option><\/select><\/div><div id=\"wpforms-6914-field_11-container\" class=\"wpforms-field wpforms-field-select wpforms-field-select-style-classic\" data-field-id=\"11\"><label class=\"wpforms-field-label wpforms-label-hide\" for=\"wpforms-6914-field_11\" aria-hidden=\"false\">Tipo de atenci\u00f3n<\/label><select id=\"wpforms-6914-field_11\" class=\"wpforms-field-large\" name=\"wpforms[fields][11]\"><option value=\"\" class=\"placeholder\" disabled  selected='selected'>Tipo de atenci\u00f3n<\/option><option value=\"No Aplica\"  class=\"choice-14 depth-1\"  >No Aplica<\/option><option value=\"Individual\"  class=\"choice-13 depth-1\"  >Individual<\/option><option value=\"Grupal\"  class=\"choice-15 depth-1\"  >Grupal<\/option><\/select><\/div><div id=\"wpforms-6914-field_12-container\" class=\"wpforms-field wpforms-field-number\" data-field-id=\"12\"><label class=\"wpforms-field-label wpforms-label-hide\" for=\"wpforms-6914-field_12\" aria-hidden=\"false\">N\u00famero de Unidades (Grupal)<\/label><input type=\"number\" id=\"wpforms-6914-field_12\" class=\"wpforms-field-large\" name=\"wpforms[fields][12]\" placeholder=\"N\u00famero de Unidades (Grupal)\" min=\"0\" max=\"10000\" step=\"any\" aria-errormessage=\"wpforms-6914-field_12-error\" ><\/div><div id=\"wpforms-6914-field_2-container\" class=\"wpforms-field wpforms-field-name\" data-field-id=\"2\"><label class=\"wpforms-field-label wpforms-label-hide\" for=\"wpforms-6914-field_2\" aria-hidden=\"false\">Nombre de Contacto <span class=\"wpforms-required-label\" aria-hidden=\"true\">*<\/span><\/label><input type=\"text\" id=\"wpforms-6914-field_2\" class=\"wpforms-field-large wpforms-field-required\" name=\"wpforms[fields][2]\" placeholder=\"Nombre\" aria-errormessage=\"wpforms-6914-field_2-error\" required><\/div><div id=\"wpforms-6914-field_5-container\" class=\"wpforms-field wpforms-field-text\" data-field-id=\"5\"><label class=\"wpforms-field-label wpforms-label-hide\" for=\"wpforms-6914-field_5\" aria-hidden=\"false\">Tel\u00e9fono de Contacto <span class=\"wpforms-required-label\" aria-hidden=\"true\">*<\/span><\/label><input type=\"text\" id=\"wpforms-6914-field_5\" class=\"wpforms-field-large wpforms-field-required\" name=\"wpforms[fields][5]\" placeholder=\"Tel\u00e9fono\" aria-errormessage=\"wpforms-6914-field_5-error\" required><\/div><div id=\"wpforms-6914-field_8-container\" class=\"wpforms-field wpforms-field-email\" data-field-id=\"8\"><label class=\"wpforms-field-label wpforms-label-hide\" for=\"wpforms-6914-field_8\" aria-hidden=\"false\">Correo electr\u00f3nico <span class=\"wpforms-required-label\" aria-hidden=\"true\">*<\/span><\/label><input type=\"email\" id=\"wpforms-6914-field_8\" class=\"wpforms-field-large wpforms-field-required\" name=\"wpforms[fields][8]\" placeholder=\"Correo electr\u00f3nico\" spellcheck=\"false\" aria-errormessage=\"wpforms-6914-field_8-error\" required><\/div><div id=\"wpforms-6914-field_9-container\" class=\"wpforms-field wpforms-field-name\" data-field-id=\"9\"><label class=\"wpforms-field-label wpforms-label-hide\" for=\"wpforms-6914-field_9\" aria-hidden=\"false\">Empresa <span class=\"wpforms-required-label\" aria-hidden=\"true\">*<\/span><\/label><input type=\"text\" id=\"wpforms-6914-field_9\" class=\"wpforms-field-large wpforms-field-required\" name=\"wpforms[fields][9]\" placeholder=\"Empresa\" aria-errormessage=\"wpforms-6914-field_9-error\" required><\/div><div id=\"wpforms-6914-field_10-container\" class=\"wpforms-field wpforms-field-text\" data-field-id=\"10\"><label class=\"wpforms-field-label wpforms-label-hide\" for=\"wpforms-6914-field_10\" aria-hidden=\"false\">Puedes describir brevemente tu requerimiento <span class=\"wpforms-required-label\" aria-hidden=\"true\">*<\/span><\/label><input type=\"text\" id=\"wpforms-6914-field_10\" class=\"wpforms-field-large wpforms-field-required\" name=\"wpforms[fields][10]\" placeholder=\"Puedes describir brevemente tu requerimiento\" aria-errormessage=\"wpforms-6914-field_10-error\" required><\/div><\/div><!-- .wpforms-field-container --><div class=\"wpforms-submit-container\" ><input type=\"hidden\" name=\"wpforms[id]\" value=\"6914\"><input type=\"hidden\" name=\"page_title\" value=\"\"><input type=\"hidden\" name=\"page_url\" value=\"https:\/\/lattice.com.mx\/gl\/index.php?rest_route=\/wp\/v2\/pages\/6002\"><input type=\"hidden\" name=\"url_referer\" value=\"\"><button type=\"submit\" name=\"wpforms[submit]\" id=\"wpforms-submit-6914\" class=\"wpforms-submit wpforms-submit-button-full-width\" data-alt-text=\"Enviando...\" data-submit-text=\"Enviar\" aria-live=\"assertive\" value=\"wpforms-submit\">Enviar<\/button><img decoding=\"async\" src=\"https:\/\/lattice.com.mx\/gl\/wp-content\/plugins\/wpforms-lite\/assets\/images\/submit-spin.svg\" class=\"wpforms-submit-spinner\" style=\"display: none;\" width=\"26\" height=\"26\" alt=\"Cargando\"><\/div><\/form><\/div>  <!-- .wpforms-container -->\t<\/div>\n\t\t\t\t\t\t<\/div>\n\t\t\t\t\t<\/div>\n\t\t<\/div>\n\t\t\t\t\t<\/div>\n\t\t<\/section>\n\t\t<div class=\"elementor-element elementor-element-3534204 e-flex e-con-boxed e-con e-parent\" data-id=\"3534204\" data-element_type=\"container\" data-e-type=\"container\" data-settings=\"{&quot;background_background&quot;:&quot;gradient&quot;}\">\n\t\t\t\t\t<div class=\"e-con-inner\">\n\t\t<div class=\"elementor-element elementor-element-6b8531b e-con-full e-flex e-con e-child\" data-id=\"6b8531b\" data-element_type=\"container\" data-e-type=\"container\" data-settings=\"{&quot;animation&quot;:&quot;none&quot;}\">\n\t\t\t\t<div class=\"elementor-element elementor-element-35366ad elementor-widget elementor-widget-google_maps\" data-id=\"35366ad\" data-element_type=\"widget\" data-e-type=\"widget\" data-settings=\"{&quot;_animation&quot;:&quot;none&quot;}\" data-widget_type=\"google_maps.default\">\n\t\t\t\t\t\t\t<div class=\"elementor-custom-embed\">\n\t\t\t<iframe loading=\"lazy\"\n\t\t\t\t\tsrc=\"https:\/\/maps.google.com\/maps?q=Miguel%20Lerdo%20de%20Tejada%20175%2C%20Guadalupe%20Inn%2C%20%C3%81lvaro%20Obreg%C3%B3n%2C%2001020%20Ciudad%20de%20M%C3%A9xico%2C%20CDMX&#038;t=m&#038;z=11&#038;output=embed&#038;iwloc=near\"\n\t\t\t\t\ttitle=\"Miguel Lerdo de Tejada 175, Guadalupe Inn, \u00c1lvaro Obreg\u00f3n, 01020 Ciudad de M\u00e9xico, CDMX\"\n\t\t\t\t\taria-label=\"Miguel Lerdo de Tejada 175, Guadalupe Inn, \u00c1lvaro Obreg\u00f3n, 01020 Ciudad de M\u00e9xico, CDMX\"\n\t\t\t><\/iframe>\n\t\t<\/div>\n\t\t\t\t\t\t<\/div>\n\t\t\t\t<div class=\"elementor-element elementor-element-a5c001f elementor-widget elementor-widget-heading\" data-id=\"a5c001f\" data-element_type=\"widget\" data-e-type=\"widget\" data-widget_type=\"heading.default\">\n\t\t\t\t\t<h2 class=\"elementor-heading-title elementor-size-default\">CDMX<\/h2>\t\t\t\t<\/div>\n\t\t\t\t<\/div>\n\t\t<div class=\"elementor-element elementor-element-90fa9e0 e-con-full e-flex e-con e-child\" data-id=\"90fa9e0\" data-element_type=\"container\" data-e-type=\"container\" data-settings=\"{&quot;animation&quot;:&quot;none&quot;}\">\n\t\t\t\t<div class=\"elementor-element elementor-element-da914dd elementor-widget elementor-widget-google_maps\" data-id=\"da914dd\" data-element_type=\"widget\" data-e-type=\"widget\" data-widget_type=\"google_maps.default\">\n\t\t\t\t\t\t\t<div class=\"elementor-custom-embed\">\n\t\t\t<iframe loading=\"lazy\"\n\t\t\t\t\tsrc=\"https:\/\/maps.google.com\/maps?q=Central%20Park%2C%20Av.%20Armando%20Birlain%20Shaffler%202001%2C%20Centro%20Sur%2C%2076090%20Santiago%20de%20Quer%C3%A9taro%2C%20Qro.%2C%20M%C3%A9xico&#038;t=m&#038;z=12&#038;output=embed&#038;iwloc=near\"\n\t\t\t\t\ttitle=\"Central Park, Av. Armando Birlain Shaffler 2001, Centro Sur, 76090 Santiago de Quer\u00e9taro, Qro., M\u00e9xico\"\n\t\t\t\t\taria-label=\"Central Park, Av. Armando Birlain Shaffler 2001, Centro Sur, 76090 Santiago de Quer\u00e9taro, Qro., M\u00e9xico\"\n\t\t\t><\/iframe>\n\t\t<\/div>\n\t\t\t\t\t\t<\/div>\n\t\t\t\t<div class=\"elementor-element elementor-element-8a0edd8 elementor-widget elementor-widget-heading\" data-id=\"8a0edd8\" data-element_type=\"widget\" data-e-type=\"widget\" data-widget_type=\"heading.default\">\n\t\t\t\t\t<h2 class=\"elementor-heading-title elementor-size-default\">Quer\u00e9taro<\/h2>\t\t\t\t<\/div>\n\t\t\t\t<\/div>\n\t\t<div class=\"elementor-element elementor-element-2fb8ccf e-con-full e-flex e-con e-child\" data-id=\"2fb8ccf\" data-element_type=\"container\" data-e-type=\"container\" data-settings=\"{&quot;animation&quot;:&quot;none&quot;}\">\n\t\t\t\t<div class=\"elementor-element elementor-element-bc37ee3 elementor-widget elementor-widget-google_maps\" data-id=\"bc37ee3\" data-element_type=\"widget\" data-e-type=\"widget\" data-widget_type=\"google_maps.default\">\n\t\t\t\t\t\t\t<div class=\"elementor-custom-embed\">\n\t\t\t<iframe loading=\"lazy\"\n\t\t\t\t\tsrc=\"https:\/\/maps.google.com\/maps?q=Hidalgo%20138%2C%20Casco%20Urbano%2C%2066200%20San%20Pedro%20Garza%20Garc%C3%ADa%2C%20N.L.&#038;t=m&#038;z=14&#038;output=embed&#038;iwloc=near\"\n\t\t\t\t\ttitle=\"Hidalgo 138, Casco Urbano, 66200 San Pedro Garza Garc\u00eda, N.L.\"\n\t\t\t\t\taria-label=\"Hidalgo 138, Casco Urbano, 66200 San Pedro Garza Garc\u00eda, N.L.\"\n\t\t\t><\/iframe>\n\t\t<\/div>\n\t\t\t\t\t\t<\/div>\n\t\t\t\t<div class=\"elementor-element elementor-element-f41c86c elementor-widget elementor-widget-heading\" data-id=\"f41c86c\" data-element_type=\"widget\" data-e-type=\"widget\" data-widget_type=\"heading.default\">\n\t\t\t\t\t<h2 class=\"elementor-heading-title elementor-size-default\">Monterrey<\/h2>\t\t\t\t<\/div>\n\t\t\t\t<\/div>\n\t\t\t\t\t<\/div>\n\t\t\t\t<\/div>\n\t\t\t\t<\/div>\n\t\t","protected":false},"excerpt":{"rendered":"<p>Cu\u00e9ntanos que Servicio Financiero te interesa para ofrecerte una soluci\u00f3n Llenando el formulario nuestros expertos se pondr\u00e1n en contacto contigo CDMX Quer\u00e9taro Monterrey<\/p>\n","protected":false},"author":1,"featured_media":0,"parent":0,"menu_order":0,"comment_status":"closed","ping_status":"closed","template":"","meta":{"footnotes":""},"class_list":["post-6002","page","type-page","status-publish","hentry"],"_links":{"self":[{"href":"https:\/\/lattice.com.mx\/gl\/index.php?rest_route=\/wp\/v2\/pages\/6002","targetHints":{"allow":["GET"]}}],"collection":[{"href":"https:\/\/lattice.com.mx\/gl\/index.php?rest_route=\/wp\/v2\/pages"}],"about":[{"href":"https:\/\/lattice.com.mx\/gl\/index.php?rest_route=\/wp\/v2\/types\/page"}],"author":[{"embeddable":true,"href":"https:\/\/lattice.com.mx\/gl\/index.php?rest_route=\/wp\/v2\/users\/1"}],"replies":[{"embeddable":true,"href":"https:\/\/lattice.com.mx\/gl\/index.php?rest_route=%2Fwp%2Fv2%2Fcomments&post=6002"}],"version-history":[{"count":1,"href":"https:\/\/lattice.com.mx\/gl\/index.php?rest_route=\/wp\/v2\/pages\/6002\/revisions"}],"predecessor-version":[{"id":10159,"href":"https:\/\/lattice.com.mx\/gl\/index.php?rest_route=\/wp\/v2\/pages\/6002\/revisions\/10159"}],"wp:attachment":[{"href":"https:\/\/lattice.com.mx\/gl\/index.php?rest_route=%2Fwp%2Fv2%2Fmedia&parent=6002"}],"curies":[{"name":"wp","href":"https:\/\/api.w.org\/{rel}","templated":true}]}}