{"id":6895,"date":"2025-10-11T03:18:50","date_gmt":"2025-10-11T01:18:50","guid":{"rendered":"https:\/\/lattice.com.mx\/gl\/?page_id=6895"},"modified":"2025-12-29T15:40:50","modified_gmt":"2025-12-29T21:40:50","slug":"fotoceldas","status":"publish","type":"page","link":"https:\/\/lattice.com.mx\/gl\/?page_id=6895","title":{"rendered":"Fotoceldas"},"content":{"rendered":"\t\t<div data-elementor-type=\"wp-page\" data-elementor-id=\"6895\" class=\"elementor elementor-6895\" data-elementor-post-type=\"page\">\n\t\t\t\t\t\t<section class=\"elementor-section elementor-top-section elementor-element elementor-element-76e1479 elementor-section-full_width blur-scroll elementor-section-height-default elementor-section-height-default\" data-id=\"76e1479\" data-element_type=\"section\" data-e-type=\"section\" data-settings=\"{&quot;background_background&quot;:&quot;video&quot;,&quot;background_video_link&quot;:&quot;https:\\\/\\\/lattice.com.mx\\\/gl\\\/wp-content\\\/uploads\\\/2025\\\/09\\\/ingenieriacampo.mp4&quot;,&quot;background_play_on_mobile&quot;:&quot;yes&quot;}\">\n\t\t\t\t\t\t\t\t<div class=\"elementor-background-video-container\">\n\t\t\t\t\t\t\t\t\t\t\t\t\t<video class=\"elementor-background-video-hosted\" role=\"presentation\" autoplay muted playsinline loop><\/video>\n\t\t\t\t\t\t\t\t\t\t\t<\/div>\n\t\t\t\t\t\t\t\t\t<div class=\"elementor-background-overlay\"><\/div>\n\t\t\t\t\t\t\t<div class=\"elementor-container elementor-column-gap-default\">\n\t\t\t\t\t<div class=\"elementor-column elementor-col-100 elementor-top-column elementor-element elementor-element-8c370f0\" data-id=\"8c370f0\" data-element_type=\"column\" data-e-type=\"column\">\n\t\t\t<div class=\"elementor-widget-wrap elementor-element-populated\">\n\t\t\t\t\t\t<div class=\"elementor-element elementor-element-88a33ae elementor-widget elementor-widget-heading\" data-id=\"88a33ae\" data-element_type=\"widget\" data-e-type=\"widget\" data-widget_type=\"heading.default\">\n\t\t\t\t\t<h1 class=\"elementor-heading-title elementor-size-default\">Fotoceldas Solares<\/h1>\t\t\t\t<\/div>\n\t\t\t\t\t<\/div>\n\t\t<\/div>\n\t\t\t\t\t<\/div>\n\t\t<\/section>\n\t\t<div class=\"elementor-element elementor-element-301c9f8 e-flex e-con-boxed e-con e-parent\" data-id=\"301c9f8\" data-element_type=\"container\" data-e-type=\"container\">\n\t\t\t\t\t<div class=\"e-con-inner\">\n\t\t\t\t\t<\/div>\n\t\t\t\t<\/div>\n\t\t<div class=\"elementor-element elementor-element-6fb69e5 e-flex e-con-boxed e-con e-parent\" data-id=\"6fb69e5\" data-element_type=\"container\" data-e-type=\"container\">\n\t\t\t\t\t<div class=\"e-con-inner\">\n\t\t\t\t\t<\/div>\n\t\t\t\t<\/div>\n\t\t<div class=\"elementor-element elementor-element-88ec954 e-grid e-con-boxed e-con e-parent\" data-id=\"88ec954\" data-element_type=\"container\" data-e-type=\"container\">\n\t\t\t\t\t<div class=\"e-con-inner\">\n\t\t\t\t<div class=\"elementor-element elementor-element-a039684 elementor-widget elementor-widget-text-editor\" data-id=\"a039684\" data-element_type=\"widget\" data-e-type=\"widget\" data-widget_type=\"text-editor.default\">\n\t\t\t\t\t\t\t\t\t<p>Implementamos sistemas de energ\u00eda de respaldo para sistemas o instalaciones de primer orden que requieran energ\u00eda el\u00e9ctrica sin cortes en todo momento.<\/p><p>Soluciones adaptadas a diversas verticales como Manufactura, Hospitales, Iluminaci\u00f3n P\u00fablica, Se\u00f1alizaci\u00f3n, Transporte y Log\u00edstica, Videovigilancia, etc.<\/p>\t\t\t\t\t\t\t\t<\/div>\n\t\t\t\t<div class=\"elementor-element elementor-element-8398f1e elementor-widget elementor-widget-image\" data-id=\"8398f1e\" data-element_type=\"widget\" data-e-type=\"widget\" data-widget_type=\"image.default\">\n\t\t\t\t\t\t\t\t\t\t\t\t\t\t\t<img fetchpriority=\"high\" decoding=\"async\" width=\"768\" height=\"512\" src=\"https:\/\/lattice.com.mx\/gl\/wp-content\/uploads\/2025\/10\/FotoCeldas-Solares5.jpeg\" class=\"attachment-large size-large wp-image-7200\" alt=\"\" srcset=\"https:\/\/lattice.com.mx\/gl\/wp-content\/uploads\/2025\/10\/FotoCeldas-Solares5.jpeg 768w, https:\/\/lattice.com.mx\/gl\/wp-content\/uploads\/2025\/10\/FotoCeldas-Solares5-300x200.jpeg 300w\" sizes=\"(max-width: 768px) 100vw, 768px\" \/>\t\t\t\t\t\t\t\t\t\t\t\t\t\t\t<\/div>\n\t\t\t\t\t<\/div>\n\t\t\t\t<\/div>\n\t\t<div class=\"elementor-element elementor-element-7d27d27 e-flex e-con-boxed e-con e-parent\" data-id=\"7d27d27\" data-element_type=\"container\" data-e-type=\"container\">\n\t\t\t\t\t<div class=\"e-con-inner\">\n\t\t\t\t\t<\/div>\n\t\t\t\t<\/div>\n\t\t<div class=\"elementor-element elementor-element-3f12869 e-grid e-con-boxed e-con e-parent\" data-id=\"3f12869\" data-element_type=\"container\" data-e-type=\"container\">\n\t\t\t\t\t<div class=\"e-con-inner\">\n\t\t\t\t<div class=\"elementor-element elementor-element-bf7af7d elementor-widget elementor-widget-image\" data-id=\"bf7af7d\" data-element_type=\"widget\" data-e-type=\"widget\" data-widget_type=\"image.default\">\n\t\t\t\t\t\t\t\t\t\t\t\t\t\t\t<img decoding=\"async\" width=\"768\" height=\"512\" src=\"https:\/\/lattice.com.mx\/gl\/wp-content\/uploads\/2025\/10\/FotoCeldas-Solares2.jpeg\" class=\"attachment-large size-large wp-image-7199\" alt=\"\" srcset=\"https:\/\/lattice.com.mx\/gl\/wp-content\/uploads\/2025\/10\/FotoCeldas-Solares2.jpeg 768w, https:\/\/lattice.com.mx\/gl\/wp-content\/uploads\/2025\/10\/FotoCeldas-Solares2-300x200.jpeg 300w\" sizes=\"(max-width: 768px) 100vw, 768px\" \/>\t\t\t\t\t\t\t\t\t\t\t\t\t\t\t<\/div>\n\t\t\t\t<div class=\"elementor-element elementor-element-6873e11 elementor-widget elementor-widget-image\" data-id=\"6873e11\" data-element_type=\"widget\" data-e-type=\"widget\" data-widget_type=\"image.default\">\n\t\t\t\t\t\t\t\t\t\t\t\t\t\t\t<img decoding=\"async\" width=\"768\" height=\"512\" src=\"https:\/\/lattice.com.mx\/gl\/wp-content\/uploads\/2025\/10\/Fotocelda-con-camara-videovigilancia.jpeg\" class=\"attachment-large size-large wp-image-7201\" alt=\"\" srcset=\"https:\/\/lattice.com.mx\/gl\/wp-content\/uploads\/2025\/10\/Fotocelda-con-camara-videovigilancia.jpeg 768w, https:\/\/lattice.com.mx\/gl\/wp-content\/uploads\/2025\/10\/Fotocelda-con-camara-videovigilancia-300x200.jpeg 300w\" sizes=\"(max-width: 768px) 100vw, 768px\" \/>\t\t\t\t\t\t\t\t\t\t\t\t\t\t\t<\/div>\n\t\t\t\t\t<\/div>\n\t\t\t\t<\/div>\n\t\t<div class=\"elementor-element elementor-element-66d60aa e-flex e-con-boxed e-con e-parent\" data-id=\"66d60aa\" data-element_type=\"container\" data-e-type=\"container\">\n\t\t\t\t\t<div class=\"e-con-inner\">\n\t\t\t\t\t<\/div>\n\t\t\t\t<\/div>\n\t\t\t\t<\/div>\n\t\t","protected":false},"excerpt":{"rendered":"<p>Fotoceldas Solares Implementamos sistemas de energ\u00eda de respaldo para sistemas o instalaciones de primer orden que requieran energ\u00eda el\u00e9ctrica sin cortes en todo momento. Soluciones adaptadas a diversas verticales como Manufactura, Hospitales, Iluminaci\u00f3n P\u00fablica, Se\u00f1alizaci\u00f3n, Transporte y Log\u00edstica, Videovigilancia, etc.<\/p>\n","protected":false},"author":1,"featured_media":0,"parent":0,"menu_order":0,"comment_status":"closed","ping_status":"closed","template":"","meta":{"footnotes":""},"class_list":["post-6895","page","type-page","status-publish","hentry"],"_links":{"self":[{"href":"https:\/\/lattice.com.mx\/gl\/index.php?rest_route=\/wp\/v2\/pages\/6895","targetHints":{"allow":["GET"]}}],"collection":[{"href":"https:\/\/lattice.com.mx\/gl\/index.php?rest_route=\/wp\/v2\/pages"}],"about":[{"href":"https:\/\/lattice.com.mx\/gl\/index.php?rest_route=\/wp\/v2\/types\/page"}],"author":[{"embeddable":true,"href":"https:\/\/lattice.com.mx\/gl\/index.php?rest_route=\/wp\/v2\/users\/1"}],"replies":[{"embeddable":true,"href":"https:\/\/lattice.com.mx\/gl\/index.php?rest_route=%2Fwp%2Fv2%2Fcomments&post=6895"}],"version-history":[{"count":1,"href":"https:\/\/lattice.com.mx\/gl\/index.php?rest_route=\/wp\/v2\/pages\/6895\/revisions"}],"predecessor-version":[{"id":10150,"href":"https:\/\/lattice.com.mx\/gl\/index.php?rest_route=\/wp\/v2\/pages\/6895\/revisions\/10150"}],"wp:attachment":[{"href":"https:\/\/lattice.com.mx\/gl\/index.php?rest_route=%2Fwp%2Fv2%2Fmedia&parent=6895"}],"curies":[{"name":"wp","href":"https:\/\/api.w.org\/{rel}","templated":true}]}}