{"id":6922,"date":"2025-10-11T04:21:48","date_gmt":"2025-10-11T02:21:48","guid":{"rendered":"https:\/\/lattice.com.mx\/gl\/?page_id=6922"},"modified":"2025-12-29T15:42:31","modified_gmt":"2025-12-29T21:42:31","slug":"nuestras-oficinas","status":"publish","type":"page","link":"https:\/\/lattice.com.mx\/gl\/?page_id=6922","title":{"rendered":"Nuestras Oficinas"},"content":{"rendered":"\t\t<div data-elementor-type=\"wp-page\" data-elementor-id=\"6922\" class=\"elementor elementor-6922\" data-elementor-post-type=\"page\">\n\t\t\t\t\t\t<section class=\"elementor-section elementor-top-section elementor-element elementor-element-f5cfdf0 elementor-section-boxed elementor-section-height-default elementor-section-height-default\" data-id=\"f5cfdf0\" data-element_type=\"section\" data-e-type=\"section\" data-settings=\"{&quot;background_background&quot;:&quot;classic&quot;}\">\n\t\t\t\t\t\t\t<div class=\"elementor-background-overlay\"><\/div>\n\t\t\t\t\t\t\t<div class=\"elementor-container elementor-column-gap-default\">\n\t\t\t\t\t<div class=\"elementor-column elementor-col-100 elementor-top-column elementor-element elementor-element-62384c5\" data-id=\"62384c5\" data-element_type=\"column\" data-e-type=\"column\">\n\t\t\t<div class=\"elementor-widget-wrap elementor-element-populated\">\n\t\t\t\t\t\t<div class=\"elementor-element elementor-element-2492f4c e-transform elementor-invisible elementor-widget elementor-widget-heading\" data-id=\"2492f4c\" data-element_type=\"widget\" data-e-type=\"widget\" data-settings=\"{&quot;_animation&quot;:&quot;fadeInLeft&quot;,&quot;_transform_rotateZ_effect&quot;:{&quot;unit&quot;:&quot;px&quot;,&quot;size&quot;:&quot;&quot;,&quot;sizes&quot;:[]},&quot;_transform_rotateZ_effect_tablet&quot;:{&quot;unit&quot;:&quot;deg&quot;,&quot;size&quot;:&quot;&quot;,&quot;sizes&quot;:[]},&quot;_transform_rotateZ_effect_mobile&quot;:{&quot;unit&quot;:&quot;deg&quot;,&quot;size&quot;:&quot;&quot;,&quot;sizes&quot;:[]}}\" data-widget_type=\"heading.default\">\n\t\t\t\t\t<h2 class=\"elementor-heading-title elementor-size-default\">Nuestras Oficinas<\/h2>\t\t\t\t<\/div>\n\t\t\t\t\t<\/div>\n\t\t<\/div>\n\t\t\t\t\t<\/div>\n\t\t<\/section>\n\t\t<div class=\"elementor-element elementor-element-551b4a6 e-flex e-con-boxed e-con e-parent\" data-id=\"551b4a6\" data-element_type=\"container\" data-e-type=\"container\" data-settings=\"{&quot;background_background&quot;:&quot;classic&quot;}\">\n\t\t\t\t\t<div class=\"e-con-inner\">\n\t\t\t\t<div class=\"elementor-element elementor-element-30867f3 elementor-widget elementor-widget-spacer\" data-id=\"30867f3\" data-element_type=\"widget\" data-e-type=\"widget\" data-widget_type=\"spacer.default\">\n\t\t\t\t\t\t\t<div class=\"elementor-spacer\">\n\t\t\t<div class=\"elementor-spacer-inner\"><\/div>\n\t\t<\/div>\n\t\t\t\t\t\t<\/div>\n\t\t\t\t\t<\/div>\n\t\t\t\t<\/div>\n\t\t<div class=\"elementor-element elementor-element-d46087a e-flex e-con-boxed e-con e-parent\" data-id=\"d46087a\" data-element_type=\"container\" data-e-type=\"container\" data-settings=\"{&quot;background_background&quot;:&quot;gradient&quot;}\">\n\t\t\t\t\t<div class=\"e-con-inner\">\n\t\t<div class=\"elementor-element elementor-element-bae2840 e-con-full e-flex e-con e-child\" data-id=\"bae2840\" data-element_type=\"container\" data-e-type=\"container\" data-settings=\"{&quot;animation&quot;:&quot;none&quot;}\">\n\t\t\t\t<div class=\"elementor-element elementor-element-5c5e4a6 elementor-widget elementor-widget-google_maps\" data-id=\"5c5e4a6\" data-element_type=\"widget\" data-e-type=\"widget\" data-settings=\"{&quot;_animation&quot;:&quot;none&quot;}\" data-widget_type=\"google_maps.default\">\n\t\t\t\t\t\t\t<div class=\"elementor-custom-embed\">\n\t\t\t<iframe loading=\"lazy\"\n\t\t\t\t\tsrc=\"https:\/\/maps.google.com\/maps?q=Miguel%20Lerdo%20de%20Tejada%20175%2C%20Guadalupe%20Inn%2C%20%C3%81lvaro%20Obreg%C3%B3n%2C%2001020%20Ciudad%20de%20M%C3%A9xico%2C%20CDMX&#038;t=m&#038;z=11&#038;output=embed&#038;iwloc=near\"\n\t\t\t\t\ttitle=\"Miguel Lerdo de Tejada 175, Guadalupe Inn, \u00c1lvaro Obreg\u00f3n, 01020 Ciudad de M\u00e9xico, CDMX\"\n\t\t\t\t\taria-label=\"Miguel Lerdo de Tejada 175, Guadalupe Inn, \u00c1lvaro Obreg\u00f3n, 01020 Ciudad de M\u00e9xico, CDMX\"\n\t\t\t><\/iframe>\n\t\t<\/div>\n\t\t\t\t\t\t<\/div>\n\t\t\t\t<div class=\"elementor-element elementor-element-e15bd00 elementor-widget elementor-widget-heading\" data-id=\"e15bd00\" data-element_type=\"widget\" data-e-type=\"widget\" data-widget_type=\"heading.default\">\n\t\t\t\t\t<h2 class=\"elementor-heading-title elementor-size-default\">CDMX<\/h2>\t\t\t\t<\/div>\n\t\t\t\t<\/div>\n\t\t<div class=\"elementor-element elementor-element-0e29196 e-con-full e-flex e-con e-child\" data-id=\"0e29196\" data-element_type=\"container\" data-e-type=\"container\" data-settings=\"{&quot;animation&quot;:&quot;none&quot;}\">\n\t\t\t\t<div class=\"elementor-element elementor-element-302519b elementor-widget elementor-widget-google_maps\" data-id=\"302519b\" data-element_type=\"widget\" data-e-type=\"widget\" data-widget_type=\"google_maps.default\">\n\t\t\t\t\t\t\t<div class=\"elementor-custom-embed\">\n\t\t\t<iframe loading=\"lazy\"\n\t\t\t\t\tsrc=\"https:\/\/maps.google.com\/maps?q=Central%20Park%2C%20Av.%20Armando%20Birlain%20Shaffler%202001%2C%20Centro%20Sur%2C%2076090%20Santiago%20de%20Quer%C3%A9taro%2C%20Qro.%2C%20M%C3%A9xico&#038;t=m&#038;z=12&#038;output=embed&#038;iwloc=near\"\n\t\t\t\t\ttitle=\"Central Park, Av. Armando Birlain Shaffler 2001, Centro Sur, 76090 Santiago de Quer\u00e9taro, Qro., M\u00e9xico\"\n\t\t\t\t\taria-label=\"Central Park, Av. Armando Birlain Shaffler 2001, Centro Sur, 76090 Santiago de Quer\u00e9taro, Qro., M\u00e9xico\"\n\t\t\t><\/iframe>\n\t\t<\/div>\n\t\t\t\t\t\t<\/div>\n\t\t\t\t<div class=\"elementor-element elementor-element-7f2eb28 elementor-widget elementor-widget-heading\" data-id=\"7f2eb28\" data-element_type=\"widget\" data-e-type=\"widget\" data-widget_type=\"heading.default\">\n\t\t\t\t\t<h2 class=\"elementor-heading-title elementor-size-default\">Quer\u00e9taro<\/h2>\t\t\t\t<\/div>\n\t\t\t\t<\/div>\n\t\t<div class=\"elementor-element elementor-element-f60d797 e-con-full e-flex e-con e-child\" data-id=\"f60d797\" data-element_type=\"container\" data-e-type=\"container\" data-settings=\"{&quot;animation&quot;:&quot;none&quot;}\">\n\t\t\t\t<div class=\"elementor-element elementor-element-73a2eff elementor-widget elementor-widget-google_maps\" data-id=\"73a2eff\" data-element_type=\"widget\" data-e-type=\"widget\" data-widget_type=\"google_maps.default\">\n\t\t\t\t\t\t\t<div class=\"elementor-custom-embed\">\n\t\t\t<iframe loading=\"lazy\"\n\t\t\t\t\tsrc=\"https:\/\/maps.google.com\/maps?q=Hidalgo%20138%2C%20Casco%20Urbano%2C%2066200%20San%20Pedro%20Garza%20Garc%C3%ADa%2C%20N.L.&#038;t=m&#038;z=14&#038;output=embed&#038;iwloc=near\"\n\t\t\t\t\ttitle=\"Hidalgo 138, Casco Urbano, 66200 San Pedro Garza Garc\u00eda, N.L.\"\n\t\t\t\t\taria-label=\"Hidalgo 138, Casco Urbano, 66200 San Pedro Garza Garc\u00eda, N.L.\"\n\t\t\t><\/iframe>\n\t\t<\/div>\n\t\t\t\t\t\t<\/div>\n\t\t\t\t<div class=\"elementor-element elementor-element-63bd8fc elementor-widget elementor-widget-heading\" data-id=\"63bd8fc\" data-element_type=\"widget\" data-e-type=\"widget\" data-widget_type=\"heading.default\">\n\t\t\t\t\t<h2 class=\"elementor-heading-title elementor-size-default\">Monterrey<\/h2>\t\t\t\t<\/div>\n\t\t\t\t<\/div>\n\t\t\t\t\t<\/div>\n\t\t\t\t<\/div>\n\t\t<div class=\"elementor-element elementor-element-dd29f88 e-flex e-con-boxed e-con e-parent\" data-id=\"dd29f88\" data-element_type=\"container\" data-e-type=\"container\" data-settings=\"{&quot;background_background&quot;:&quot;classic&quot;}\">\n\t\t\t\t\t<div class=\"e-con-inner\">\n\t\t\t\t\t<\/div>\n\t\t\t\t<\/div>\n\t\t\t\t<\/div>\n\t\t","protected":false},"excerpt":{"rendered":"<p>Nuestras Oficinas CDMX Quer\u00e9taro Monterrey<\/p>\n","protected":false},"author":1,"featured_media":0,"parent":0,"menu_order":0,"comment_status":"closed","ping_status":"closed","template":"","meta":{"footnotes":""},"class_list":["post-6922","page","type-page","status-publish","hentry"],"_links":{"self":[{"href":"https:\/\/lattice.com.mx\/gl\/index.php?rest_route=\/wp\/v2\/pages\/6922","targetHints":{"allow":["GET"]}}],"collection":[{"href":"https:\/\/lattice.com.mx\/gl\/index.php?rest_route=\/wp\/v2\/pages"}],"about":[{"href":"https:\/\/lattice.com.mx\/gl\/index.php?rest_route=\/wp\/v2\/types\/page"}],"author":[{"embeddable":true,"href":"https:\/\/lattice.com.mx\/gl\/index.php?rest_route=\/wp\/v2\/users\/1"}],"replies":[{"embeddable":true,"href":"https:\/\/lattice.com.mx\/gl\/index.php?rest_route=%2Fwp%2Fv2%2Fcomments&post=6922"}],"version-history":[{"count":1,"href":"https:\/\/lattice.com.mx\/gl\/index.php?rest_route=\/wp\/v2\/pages\/6922\/revisions"}],"predecessor-version":[{"id":10161,"href":"https:\/\/lattice.com.mx\/gl\/index.php?rest_route=\/wp\/v2\/pages\/6922\/revisions\/10161"}],"wp:attachment":[{"href":"https:\/\/lattice.com.mx\/gl\/index.php?rest_route=%2Fwp%2Fv2%2Fmedia&parent=6922"}],"curies":[{"name":"wp","href":"https:\/\/api.w.org\/{rel}","templated":true}]}}